{"id":202,"date":"2025-12-11T20:17:26","date_gmt":"2025-12-12T01:17:26","guid":{"rendered":"https:\/\/camisetastiendadelprofe.com\/?page_id=202"},"modified":"2025-12-14T02:56:36","modified_gmt":"2025-12-14T07:56:36","slug":"refund_returns","status":"publish","type":"page","link":"https:\/\/camisetastiendadelprofe.com\/index.php\/refund_returns\/","title":{"rendered":"POL\u00cdTICAS Y DEVOLUCIONES"},"content":{"rendered":"\t\t<div data-elementor-type=\"wp-page\" data-elementor-id=\"202\" class=\"elementor elementor-202\" data-elementor-post-type=\"page\">\n\t\t\t\t<div class=\"elementor-element elementor-element-6f4fe27 e-con-full elementor-hidden-tablet elementor-hidden-mobile e-flex elementor-invisible e-con e-parent\" data-id=\"6f4fe27\" data-element_type=\"container\" data-settings=\"{&quot;background_background&quot;:&quot;classic&quot;,&quot;animation&quot;:&quot;fadeInDown&quot;}\">\n\t\t\t\t<div class=\"elementor-element elementor-element-3a2b245 elementor-widget elementor-widget-heading\" data-id=\"3a2b245\" data-element_type=\"widget\" data-widget_type=\"heading.default\">\n\t\t\t\t\t<h1 class=\"elementor-heading-title elementor-size-default\">Pol\u00edticas <\/h1>\t\t\t\t<\/div>\n\t\t\t\t<div class=\"elementor-element elementor-element-88cf270 elementor-widget elementor-widget-heading\" data-id=\"88cf270\" data-element_type=\"widget\" data-widget_type=\"heading.default\">\n\t\t\t\t\t<h2 class=\"elementor-heading-title elementor-size-default\">De Devoluciones<\/h2>\t\t\t\t<\/div>\n\t\t\t\t<\/div>\n\t\t<div class=\"elementor-element elementor-element-6ec54e8 e-con-full elementor-hidden-desktop elementor-hidden-mobile e-flex elementor-invisible e-con e-parent\" data-id=\"6ec54e8\" data-element_type=\"container\" data-settings=\"{&quot;background_background&quot;:&quot;classic&quot;,&quot;animation&quot;:&quot;fadeInDown&quot;}\">\n\t\t\t\t<div class=\"elementor-element elementor-element-81ee31c elementor-widget elementor-widget-heading\" data-id=\"81ee31c\" data-element_type=\"widget\" data-widget_type=\"heading.default\">\n\t\t\t\t\t<h1 class=\"elementor-heading-title elementor-size-default\">Pol\u00edticas <\/h1>\t\t\t\t<\/div>\n\t\t\t\t<div class=\"elementor-element elementor-element-45ac655 elementor-widget-tablet__width-initial elementor-widget elementor-widget-heading\" data-id=\"45ac655\" data-element_type=\"widget\" data-widget_type=\"heading.default\">\n\t\t\t\t\t<h2 class=\"elementor-heading-title elementor-size-default\">De Devoluciones<\/h2>\t\t\t\t<\/div>\n\t\t\t\t<\/div>\n\t\t<div class=\"elementor-element elementor-element-885beb4 e-con-full elementor-hidden-desktop elementor-hidden-tablet e-flex elementor-invisible e-con e-parent\" data-id=\"885beb4\" data-element_type=\"container\" data-settings=\"{&quot;background_background&quot;:&quot;classic&quot;,&quot;animation&quot;:&quot;fadeInDown&quot;}\">\n\t\t\t\t<div class=\"elementor-element elementor-element-336472e elementor-widget-mobile__width-initial elementor-widget elementor-widget-heading\" data-id=\"336472e\" data-element_type=\"widget\" data-widget_type=\"heading.default\">\n\t\t\t\t\t<h1 class=\"elementor-heading-title elementor-size-default\">Pol\u00edticas <\/h1>\t\t\t\t<\/div>\n\t\t\t\t<div class=\"elementor-element elementor-element-a8d6ec2 elementor-widget-mobile__width-initial elementor-widget elementor-widget-heading\" data-id=\"a8d6ec2\" data-element_type=\"widget\" data-widget_type=\"heading.default\">\n\t\t\t\t\t<h2 class=\"elementor-heading-title elementor-size-default\">De Devoluciones<\/h2>\t\t\t\t<\/div>\n\t\t\t\t<\/div>\n\t\t<div class=\"elementor-element elementor-element-4368934 elementor-hidden-tablet elementor-hidden-mobile e-flex e-con-boxed elementor-invisible e-con e-parent\" data-id=\"4368934\" data-element_type=\"container\" data-settings=\"{&quot;background_background&quot;:&quot;classic&quot;,&quot;animation&quot;:&quot;fadeInDown&quot;}\">\n\t\t\t\t\t<div class=\"e-con-inner\">\n\t\t<div class=\"elementor-element elementor-element-8529b4c e-con-full e-flex e-con e-child\" data-id=\"8529b4c\" data-element_type=\"container\">\n\t\t\t\t<div class=\"elementor-element elementor-element-7e7c36e elementor-widget elementor-widget-heading\" data-id=\"7e7c36e\" data-element_type=\"widget\" data-widget_type=\"heading.default\">\n\t\t\t\t\t<h1 class=\"elementor-heading-title elementor-size-default\">Devoluciones<\/h1>\t\t\t\t<\/div>\n\t\t\t\t<\/div>\n\t\t<div class=\"elementor-element elementor-element-ee10ce5 e-con-full e-flex e-con e-child\" data-id=\"ee10ce5\" data-element_type=\"container\">\n\t\t\t\t<div class=\"elementor-element elementor-element-fd0ea2c elementor-widget elementor-widget-text-editor\" data-id=\"fd0ea2c\" data-element_type=\"widget\" data-widget_type=\"text-editor.default\">\n\t\t\t\t\t\t\t\t\t<p>Una vez realizada la compra y retirado el producto de la tienda, no se aceptan devoluciones bajo ninguna circunstancia.<\/p>\t\t\t\t\t\t\t\t<\/div>\n\t\t\t\t<\/div>\n\t\t\t\t\t<\/div>\n\t\t\t\t<\/div>\n\t\t<div class=\"elementor-element elementor-element-312e85d elementor-hidden-desktop elementor-hidden-mobile e-flex e-con-boxed elementor-invisible e-con e-parent\" data-id=\"312e85d\" data-element_type=\"container\" data-settings=\"{&quot;background_background&quot;:&quot;classic&quot;,&quot;animation&quot;:&quot;fadeInDown&quot;}\">\n\t\t\t\t\t<div class=\"e-con-inner\">\n\t\t<div class=\"elementor-element elementor-element-1e96088 e-con-full e-flex e-con e-child\" data-id=\"1e96088\" data-element_type=\"container\">\n\t\t\t\t<div class=\"elementor-element elementor-element-83dd295 elementor-widget-tablet__width-initial elementor-widget elementor-widget-heading\" data-id=\"83dd295\" data-element_type=\"widget\" data-widget_type=\"heading.default\">\n\t\t\t\t\t<h1 class=\"elementor-heading-title elementor-size-default\">Devoluciones<\/h1>\t\t\t\t<\/div>\n\t\t\t\t<\/div>\n\t\t<div class=\"elementor-element elementor-element-02c7393 e-con-full e-flex e-con e-child\" data-id=\"02c7393\" data-element_type=\"container\">\n\t\t\t\t<div class=\"elementor-element elementor-element-f6abe8e elementor-widget-tablet__width-initial elementor-widget elementor-widget-text-editor\" data-id=\"f6abe8e\" data-element_type=\"widget\" data-widget_type=\"text-editor.default\">\n\t\t\t\t\t\t\t\t\t<p>Una vez realizada la compra y retirado el producto de la tienda, no se aceptan devoluciones bajo ninguna circunstancia.<\/p>\t\t\t\t\t\t\t\t<\/div>\n\t\t\t\t<\/div>\n\t\t\t\t\t<\/div>\n\t\t\t\t<\/div>\n\t\t<div class=\"elementor-element elementor-element-485c284 elementor-hidden-desktop elementor-hidden-tablet e-flex e-con-boxed elementor-invisible e-con e-parent\" data-id=\"485c284\" data-element_type=\"container\" data-settings=\"{&quot;background_background&quot;:&quot;classic&quot;,&quot;animation&quot;:&quot;fadeInDown&quot;}\">\n\t\t\t\t\t<div class=\"e-con-inner\">\n\t\t<div class=\"elementor-element elementor-element-35452d7 e-con-full e-flex e-con e-child\" data-id=\"35452d7\" data-element_type=\"container\">\n\t\t\t\t<div class=\"elementor-element elementor-element-19711ec elementor-widget-mobile__width-initial elementor-widget elementor-widget-heading\" data-id=\"19711ec\" data-element_type=\"widget\" data-widget_type=\"heading.default\">\n\t\t\t\t\t<h1 class=\"elementor-heading-title elementor-size-default\">Devoluciones<\/h1>\t\t\t\t<\/div>\n\t\t\t\t<\/div>\n\t\t<div class=\"elementor-element elementor-element-73467eb e-con-full e-flex e-con e-child\" data-id=\"73467eb\" data-element_type=\"container\">\n\t\t\t\t<div class=\"elementor-element elementor-element-21d3f89 elementor-widget-mobile__width-initial elementor-widget elementor-widget-text-editor\" data-id=\"21d3f89\" data-element_type=\"widget\" data-widget_type=\"text-editor.default\">\n\t\t\t\t\t\t\t\t\t<p>Una vez realizada la compra y retirado el producto de la tienda, no se aceptan devoluciones bajo ninguna circunstancia.<\/p>\t\t\t\t\t\t\t\t<\/div>\n\t\t\t\t<\/div>\n\t\t\t\t\t<\/div>\n\t\t\t\t<\/div>\n\t\t<div class=\"elementor-element elementor-element-ac70294 elementor-hidden-tablet elementor-hidden-mobile e-flex e-con-boxed elementor-invisible e-con e-parent\" data-id=\"ac70294\" data-element_type=\"container\" data-settings=\"{&quot;background_background&quot;:&quot;classic&quot;,&quot;animation&quot;:&quot;fadeInDown&quot;}\">\n\t\t\t\t\t<div class=\"e-con-inner\">\n\t\t<div class=\"elementor-element elementor-element-f691b72 e-con-full e-flex e-con e-child\" data-id=\"f691b72\" data-element_type=\"container\">\n\t\t\t\t<div class=\"elementor-element elementor-element-21b7e4e elementor-widget elementor-widget-text-editor\" data-id=\"21b7e4e\" data-element_type=\"widget\" data-widget_type=\"text-editor.default\">\n\t\t\t\t\t\t\t\t\t<ul><li>Los cambios por talla podr\u00e1n efectuarse \u00fanicamente si el producto se encuentra disponible en stock.<\/li><li>En caso de disponibilidad del producto en stock, el cambio se realizar\u00e1 de forma inmediata.<\/li><li>Si la talla solicitada no se encuentra disponible, el cambio se gestionar\u00e1 bajo pedido, sujeto a los tiempos de reposici\u00f3n establecidos por la tienda.<\/li><\/ul>\t\t\t\t\t\t\t\t<\/div>\n\t\t\t\t<\/div>\n\t\t<div class=\"elementor-element elementor-element-1efb508 e-con-full e-flex e-con e-child\" data-id=\"1efb508\" data-element_type=\"container\">\n\t\t\t\t<div class=\"elementor-element elementor-element-1cc506a elementor-widget elementor-widget-heading\" data-id=\"1cc506a\" data-element_type=\"widget\" data-widget_type=\"heading.default\">\n\t\t\t\t\t<h1 class=\"elementor-heading-title elementor-size-default\">Cambios <\/h1>\t\t\t\t<\/div>\n\t\t\t\t<div class=\"elementor-element elementor-element-4ea8557 elementor-widget elementor-widget-heading\" data-id=\"4ea8557\" data-element_type=\"widget\" data-widget_type=\"heading.default\">\n\t\t\t\t\t<h2 class=\"elementor-heading-title elementor-size-default\">Por Talla<\/h2>\t\t\t\t<\/div>\n\t\t\t\t<\/div>\n\t\t\t\t\t<\/div>\n\t\t\t\t<\/div>\n\t\t<div class=\"elementor-element elementor-element-b26a986 elementor-hidden-desktop elementor-hidden-mobile e-flex e-con-boxed elementor-invisible e-con e-parent\" data-id=\"b26a986\" data-element_type=\"container\" data-settings=\"{&quot;background_background&quot;:&quot;classic&quot;,&quot;animation&quot;:&quot;fadeInDown&quot;}\">\n\t\t\t\t\t<div class=\"e-con-inner\">\n\t\t<div class=\"elementor-element elementor-element-f61921d e-con-full e-flex e-con e-child\" data-id=\"f61921d\" data-element_type=\"container\">\n\t\t<div class=\"elementor-element elementor-element-fbb9259 e-con-full e-flex e-con e-child\" data-id=\"fbb9259\" data-element_type=\"container\">\n\t\t\t\t<div class=\"elementor-element elementor-element-b059c91 elementor-widget-tablet__width-initial elementor-widget elementor-widget-heading\" data-id=\"b059c91\" data-element_type=\"widget\" data-widget_type=\"heading.default\">\n\t\t\t\t\t<h1 class=\"elementor-heading-title elementor-size-default\">Cambios <\/h1>\t\t\t\t<\/div>\n\t\t\t\t<div class=\"elementor-element elementor-element-64a6ca5 elementor-widget-tablet__width-initial elementor-widget elementor-widget-heading\" data-id=\"64a6ca5\" data-element_type=\"widget\" data-widget_type=\"heading.default\">\n\t\t\t\t\t<h2 class=\"elementor-heading-title elementor-size-default\">Por Talla<\/h2>\t\t\t\t<\/div>\n\t\t\t\t<\/div>\n\t\t\t\t<div class=\"elementor-element elementor-element-c2931f0 elementor-widget-tablet__width-initial elementor-widget elementor-widget-text-editor\" data-id=\"c2931f0\" data-element_type=\"widget\" data-widget_type=\"text-editor.default\">\n\t\t\t\t\t\t\t\t\t<ul><li>Los cambios por talla podr\u00e1n efectuarse \u00fanicamente si el producto se encuentra disponible en stock.<\/li><li>En caso de disponibilidad del producto en stock, el cambio se realizar\u00e1 de forma inmediata.<\/li><li>Si la talla solicitada no se encuentra disponible, el cambio se gestionar\u00e1 bajo pedido, sujeto a los tiempos de reposici\u00f3n establecidos por la tienda.<\/li><\/ul>\t\t\t\t\t\t\t\t<\/div>\n\t\t\t\t<\/div>\n\t\t\t\t\t<\/div>\n\t\t\t\t<\/div>\n\t\t<div class=\"elementor-element elementor-element-c9f45d9 elementor-hidden-desktop elementor-hidden-tablet e-flex e-con-boxed elementor-invisible e-con e-parent\" data-id=\"c9f45d9\" data-element_type=\"container\" data-settings=\"{&quot;background_background&quot;:&quot;classic&quot;,&quot;animation&quot;:&quot;fadeInDown&quot;}\">\n\t\t\t\t\t<div class=\"e-con-inner\">\n\t\t<div class=\"elementor-element elementor-element-2aa2e38 e-con-full e-flex e-con e-child\" data-id=\"2aa2e38\" data-element_type=\"container\">\n\t\t<div class=\"elementor-element elementor-element-4ab2db9 e-con-full e-flex e-con e-child\" data-id=\"4ab2db9\" data-element_type=\"container\">\n\t\t\t\t<div class=\"elementor-element elementor-element-9d6d846 elementor-widget-mobile__width-initial elementor-widget elementor-widget-heading\" data-id=\"9d6d846\" data-element_type=\"widget\" data-widget_type=\"heading.default\">\n\t\t\t\t\t<h1 class=\"elementor-heading-title elementor-size-default\">Cambios <\/h1>\t\t\t\t<\/div>\n\t\t\t\t<div class=\"elementor-element elementor-element-9a9af49 elementor-widget-mobile__width-initial elementor-widget elementor-widget-heading\" data-id=\"9a9af49\" data-element_type=\"widget\" data-widget_type=\"heading.default\">\n\t\t\t\t\t<h2 class=\"elementor-heading-title elementor-size-default\">Por Talla<\/h2>\t\t\t\t<\/div>\n\t\t\t\t<\/div>\n\t\t\t\t<div class=\"elementor-element elementor-element-c742b64 elementor-widget-mobile__width-initial elementor-widget elementor-widget-text-editor\" data-id=\"c742b64\" data-element_type=\"widget\" data-widget_type=\"text-editor.default\">\n\t\t\t\t\t\t\t\t\t<ul><li>Los cambios por talla podr\u00e1n efectuarse \u00fanicamente si el producto se encuentra disponible en stock.<\/li><li>En caso de disponibilidad del producto en stock, el cambio se realizar\u00e1 de forma inmediata.<\/li><li>Si la talla solicitada no se encuentra disponible, el cambio se gestionar\u00e1 bajo pedido, sujeto a los tiempos de reposici\u00f3n establecidos por la tienda.<\/li><\/ul>\t\t\t\t\t\t\t\t<\/div>\n\t\t\t\t<\/div>\n\t\t\t\t\t<\/div>\n\t\t\t\t<\/div>\n\t\t<div class=\"elementor-element elementor-element-277152f elementor-hidden-tablet elementor-hidden-mobile e-flex e-con-boxed elementor-invisible e-con e-parent\" data-id=\"277152f\" data-element_type=\"container\" data-settings=\"{&quot;background_background&quot;:&quot;classic&quot;,&quot;animation&quot;:&quot;fadeInDown&quot;}\">\n\t\t\t\t\t<div class=\"e-con-inner\">\n\t\t<div class=\"elementor-element elementor-element-113a4d4 e-con-full e-flex e-con e-child\" data-id=\"113a4d4\" data-element_type=\"container\" data-settings=\"{&quot;background_background&quot;:&quot;classic&quot;}\">\n\t\t<div class=\"elementor-element elementor-element-b98b845 e-con-full e-flex e-con e-child\" data-id=\"b98b845\" data-element_type=\"container\">\n\t\t\t\t<div class=\"elementor-element elementor-element-c48d5ed elementor-widget elementor-widget-heading\" data-id=\"c48d5ed\" data-element_type=\"widget\" data-widget_type=\"heading.default\">\n\t\t\t\t\t<h1 class=\"elementor-heading-title elementor-size-default\">Abonos<\/h1>\t\t\t\t<\/div>\n\t\t\t\t<\/div>\n\t\t<div class=\"elementor-element elementor-element-014032f e-con-full e-flex e-con e-child\" data-id=\"014032f\" data-element_type=\"container\">\n\t\t\t\t<div class=\"elementor-element elementor-element-f307ec6 elementor-widget elementor-widget-text-editor\" data-id=\"f307ec6\" data-element_type=\"widget\" data-widget_type=\"text-editor.default\">\n\t\t\t\t\t\t\t\t\t<ul><li>Para asegurar la reserva de un producto, el cliente podr\u00e1 realizar un abono por la cantidad de $10.<\/li><li>El tiempo estimado de llegada del producto es de 30 d\u00edas a partir de la confirmaci\u00f3n del abono.<\/li><li>Una vez que el producto se encuentra en el lugar de destino, el cliente contar\u00e1 con un plazo de 60 d\u00edas para retirarlo.<\/li><li>En caso de no retirar el producto dentro del plazo establecido, el cliente perder\u00e1 el derecho sobre el abono realizado, sin opci\u00f3n a reembolso.<\/li><\/ul>\t\t\t\t\t\t\t\t<\/div>\n\t\t\t\t<\/div>\n\t\t\t\t<\/div>\n\t\t\t\t\t<\/div>\n\t\t\t\t<\/div>\n\t\t<div class=\"elementor-element elementor-element-5af7640 elementor-hidden-desktop elementor-hidden-mobile e-flex e-con-boxed elementor-invisible e-con e-parent\" data-id=\"5af7640\" data-element_type=\"container\" data-settings=\"{&quot;background_background&quot;:&quot;classic&quot;,&quot;animation&quot;:&quot;fadeInDown&quot;}\">\n\t\t\t\t\t<div class=\"e-con-inner\">\n\t\t<div class=\"elementor-element elementor-element-de191ad e-con-full e-flex e-con e-child\" data-id=\"de191ad\" data-element_type=\"container\" data-settings=\"{&quot;background_background&quot;:&quot;classic&quot;}\">\n\t\t<div class=\"elementor-element elementor-element-d90a54b e-con-full e-flex e-con e-child\" data-id=\"d90a54b\" data-element_type=\"container\">\n\t\t\t\t<div class=\"elementor-element elementor-element-a855f55 elementor-widget elementor-widget-heading\" data-id=\"a855f55\" data-element_type=\"widget\" data-widget_type=\"heading.default\">\n\t\t\t\t\t<h1 class=\"elementor-heading-title elementor-size-default\">Abonos<\/h1>\t\t\t\t<\/div>\n\t\t\t\t<\/div>\n\t\t<div class=\"elementor-element elementor-element-d66aef4 e-con-full e-flex e-con e-child\" data-id=\"d66aef4\" data-element_type=\"container\">\n\t\t\t\t<div class=\"elementor-element elementor-element-1aec78c elementor-widget-tablet__width-initial elementor-widget elementor-widget-text-editor\" data-id=\"1aec78c\" data-element_type=\"widget\" data-widget_type=\"text-editor.default\">\n\t\t\t\t\t\t\t\t\t<ul><li>Para asegurar la reserva de un producto, el cliente podr\u00e1 realizar un abono por la cantidad de $10.<\/li><li>El tiempo estimado de llegada del producto es de 30 d\u00edas a partir de la confirmaci\u00f3n del abono.<\/li><li>Una vez que el producto se encuentra en el lugar de destino, el cliente contar\u00e1 con un plazo de 60 d\u00edas para retirarlo.<\/li><li>En caso de no retirar el producto dentro del plazo establecido, el cliente perder\u00e1 el derecho sobre el abono realizado, sin opci\u00f3n a reembolso.<\/li><\/ul>\t\t\t\t\t\t\t\t<\/div>\n\t\t\t\t<\/div>\n\t\t\t\t<\/div>\n\t\t\t\t\t<\/div>\n\t\t\t\t<\/div>\n\t\t<div class=\"elementor-element elementor-element-e3a752e elementor-hidden-desktop elementor-hidden-tablet e-flex e-con-boxed elementor-invisible e-con e-parent\" data-id=\"e3a752e\" data-element_type=\"container\" data-settings=\"{&quot;background_background&quot;:&quot;classic&quot;,&quot;animation&quot;:&quot;fadeInDown&quot;}\">\n\t\t\t\t\t<div class=\"e-con-inner\">\n\t\t<div class=\"elementor-element elementor-element-25b9498 e-con-full e-flex e-con e-child\" data-id=\"25b9498\" data-element_type=\"container\" data-settings=\"{&quot;background_background&quot;:&quot;classic&quot;}\">\n\t\t<div class=\"elementor-element elementor-element-c89b841 e-con-full e-flex e-con e-child\" data-id=\"c89b841\" data-element_type=\"container\">\n\t\t\t\t<div class=\"elementor-element elementor-element-854750d elementor-widget-mobile__width-initial elementor-widget elementor-widget-heading\" data-id=\"854750d\" data-element_type=\"widget\" data-widget_type=\"heading.default\">\n\t\t\t\t\t<h1 class=\"elementor-heading-title elementor-size-default\">Abonos<\/h1>\t\t\t\t<\/div>\n\t\t\t\t<\/div>\n\t\t<div class=\"elementor-element elementor-element-d76acf3 e-con-full e-flex e-con e-child\" data-id=\"d76acf3\" data-element_type=\"container\">\n\t\t\t\t<div class=\"elementor-element elementor-element-7bae485 elementor-widget-mobile__width-initial elementor-widget elementor-widget-text-editor\" data-id=\"7bae485\" data-element_type=\"widget\" data-widget_type=\"text-editor.default\">\n\t\t\t\t\t\t\t\t\t<ul><li>Para asegurar la reserva de un producto, el cliente podr\u00e1 realizar un abono por la cantidad de $10.<\/li><li>El tiempo estimado de llegada del producto es de 30 d\u00edas a partir de la confirmaci\u00f3n del abono.<\/li><li>Una vez que el producto se encuentra en el lugar de destino, el cliente contar\u00e1 con un plazo de 60 d\u00edas para retirarlo.<\/li><li>En caso de no retirar el producto dentro del plazo establecido, el cliente perder\u00e1 el derecho sobre el abono realizado, sin opci\u00f3n a reembolso.<\/li><\/ul>\t\t\t\t\t\t\t\t<\/div>\n\t\t\t\t<\/div>\n\t\t\t\t<\/div>\n\t\t\t\t\t<\/div>\n\t\t\t\t<\/div>\n\t\t\t\t<\/div>\n\t\t","protected":false},"excerpt":{"rendered":"<p>Pol\u00edticas De Devoluciones Pol\u00edticas De Devoluciones Pol\u00edticas De Devoluciones Devoluciones Una vez realizada la compra y retirado el producto de la tienda, no se aceptan devoluciones bajo ninguna circunstancia. Devoluciones Una vez realizada la compra y retirado el producto de la tienda, no se aceptan devoluciones bajo ninguna circunstancia. Devoluciones Una vez realizada la compra [&hellip;]<\/p>\n","protected":false},"author":1,"featured_media":0,"parent":0,"menu_order":0,"comment_status":"closed","ping_status":"closed","template":"elementor_header_footer","meta":{"footnotes":""},"class_list":["post-202","page","type-page","status-publish","hentry"],"jetpack_sharing_enabled":true,"_links":{"self":[{"href":"https:\/\/camisetastiendadelprofe.com\/index.php\/wp-json\/wp\/v2\/pages\/202","targetHints":{"allow":["GET"]}}],"collection":[{"href":"https:\/\/camisetastiendadelprofe.com\/index.php\/wp-json\/wp\/v2\/pages"}],"about":[{"href":"https:\/\/camisetastiendadelprofe.com\/index.php\/wp-json\/wp\/v2\/types\/page"}],"author":[{"embeddable":true,"href":"https:\/\/camisetastiendadelprofe.com\/index.php\/wp-json\/wp\/v2\/users\/1"}],"replies":[{"embeddable":true,"href":"https:\/\/camisetastiendadelprofe.com\/index.php\/wp-json\/wp\/v2\/comments?post=202"}],"version-history":[{"count":43,"href":"https:\/\/camisetastiendadelprofe.com\/index.php\/wp-json\/wp\/v2\/pages\/202\/revisions"}],"predecessor-version":[{"id":1499,"href":"https:\/\/camisetastiendadelprofe.com\/index.php\/wp-json\/wp\/v2\/pages\/202\/revisions\/1499"}],"wp:attachment":[{"href":"https:\/\/camisetastiendadelprofe.com\/index.php\/wp-json\/wp\/v2\/media?parent=202"}],"curies":[{"name":"wp","href":"https:\/\/api.w.org\/{rel}","templated":true}]}}